{"id":3759,"date":"2022-08-30T09:54:28","date_gmt":"2022-08-30T07:54:28","guid":{"rendered":"https:\/\/aceitesjerez.com\/producto\/aove-condimentado-a-base-de-trufa-negra-250ml"},"modified":"2023-04-28T13:58:29","modified_gmt":"2023-04-28T11:58:29","slug":"aove-condimentado-a-base-de-trufa-negra-250ml","status":"publish","type":"product","link":"https:\/\/aceitesjerez.com\/fr\/producto\/aove-condimentado-a-base-de-trufa-negra-250ml","title":{"rendered":"AOVE Condimentado a base de Trufa Negra 250ml"},"content":{"rendered":"","protected":false},"excerpt":{"rendered":"<p>Aceite obtenido a partir de aceitunas por procedimiento mec\u00e1nico y otros procedimiento f\u00edsico en condiciones sobre todo t\u00e9rmicas, que no impliquen la alteraci\u00f3n del aceite y que no hayan sufrido tratamiento alguno distinto del lavado, la decantaci\u00f3n, el centrifugado y la filtraci\u00f3n junto con una selecci\u00f3n de la mejor trufa negra, caracterizada por su peculiar y arom\u00e1tico olor y su sabor sumamente agradable.<\/p>\n","protected":false},"featured_media":2459,"comment_status":"open","ping_status":"closed","template":"","meta":{"_acf_changed":false,"_et_pb_use_builder":"","_et_pb_old_content":"","_et_gb_content_width":""},"product_cat":[149,84],"product_tag":[],"class_list":{"0":"post-3759","1":"product","2":"type-product","3":"status-publish","4":"has-post-thumbnail","6":"product_cat-evoo-chevronne-fr","7":"product_cat-hove","9":"first","10":"instock","11":"taxable","12":"shipping-taxable","13":"purchasable","14":"product-type-simple"},"acf":[],"_links":{"self":[{"href":"https:\/\/aceitesjerez.com\/fr\/wp-json\/wp\/v2\/product\/3759","targetHints":{"allow":["GET"]}}],"collection":[{"href":"https:\/\/aceitesjerez.com\/fr\/wp-json\/wp\/v2\/product"}],"about":[{"href":"https:\/\/aceitesjerez.com\/fr\/wp-json\/wp\/v2\/types\/product"}],"replies":[{"embeddable":true,"href":"https:\/\/aceitesjerez.com\/fr\/wp-json\/wp\/v2\/comments?post=3759"}],"wp:featuredmedia":[{"embeddable":true,"href":"https:\/\/aceitesjerez.com\/fr\/wp-json\/wp\/v2\/media\/2459"}],"wp:attachment":[{"href":"https:\/\/aceitesjerez.com\/fr\/wp-json\/wp\/v2\/media?parent=3759"}],"wp:term":[{"taxonomy":"product_cat","embeddable":true,"href":"https:\/\/aceitesjerez.com\/fr\/wp-json\/wp\/v2\/product_cat?post=3759"},{"taxonomy":"product_tag","embeddable":true,"href":"https:\/\/aceitesjerez.com\/fr\/wp-json\/wp\/v2\/product_tag?post=3759"}],"curies":[{"name":"wp","href":"https:\/\/api.w.org\/{rel}","templated":true}]}}