{"id":3747,"date":"2022-08-29T17:17:24","date_gmt":"2022-08-29T15:17:24","guid":{"rendered":"https:\/\/aceitesjerez.com\/producto\/aove-condimentado-a-base-de-guindilla-250ml"},"modified":"2023-04-28T13:56:57","modified_gmt":"2023-04-28T11:56:57","slug":"aove-condimentado-a-base-de-guindilla-250ml","status":"publish","type":"product","link":"https:\/\/aceitesjerez.com\/fr\/producto\/aove-condimentado-a-base-de-guindilla-250ml","title":{"rendered":"AOVE Condimentado a base de Guindilla  250ml"},"content":{"rendered":"","protected":false},"excerpt":{"rendered":"<p>Aceite obtenido a partir de aceitunas por procedimiento mec\u00e1nico y otros procedimiento f\u00edsico en condiciones sobre todo t\u00e9rmicas, que no impliquen la alteraci\u00f3n del aceite y que no hayan sufrido tratamiento alguno distinto del lavado, la decantaci\u00f3n, el centrifugado y la filtraci\u00f3n junto con una selecci\u00f3n de las mejores guindilla.<\/p>\n","protected":false},"featured_media":2401,"comment_status":"open","ping_status":"closed","template":"","meta":{"_acf_changed":false,"_et_pb_use_builder":"","_et_pb_old_content":"","_et_gb_content_width":""},"product_cat":[149],"product_tag":[],"class_list":{"0":"post-3747","1":"product","2":"type-product","3":"status-publish","4":"has-post-thumbnail","6":"product_cat-evoo-chevronne-fr","8":"first","9":"instock","10":"taxable","11":"shipping-taxable","12":"purchasable","13":"product-type-simple"},"acf":[],"_links":{"self":[{"href":"https:\/\/aceitesjerez.com\/fr\/wp-json\/wp\/v2\/product\/3747","targetHints":{"allow":["GET"]}}],"collection":[{"href":"https:\/\/aceitesjerez.com\/fr\/wp-json\/wp\/v2\/product"}],"about":[{"href":"https:\/\/aceitesjerez.com\/fr\/wp-json\/wp\/v2\/types\/product"}],"replies":[{"embeddable":true,"href":"https:\/\/aceitesjerez.com\/fr\/wp-json\/wp\/v2\/comments?post=3747"}],"wp:featuredmedia":[{"embeddable":true,"href":"https:\/\/aceitesjerez.com\/fr\/wp-json\/wp\/v2\/media\/2401"}],"wp:attachment":[{"href":"https:\/\/aceitesjerez.com\/fr\/wp-json\/wp\/v2\/media?parent=3747"}],"wp:term":[{"taxonomy":"product_cat","embeddable":true,"href":"https:\/\/aceitesjerez.com\/fr\/wp-json\/wp\/v2\/product_cat?post=3747"},{"taxonomy":"product_tag","embeddable":true,"href":"https:\/\/aceitesjerez.com\/fr\/wp-json\/wp\/v2\/product_tag?post=3747"}],"curies":[{"name":"wp","href":"https:\/\/api.w.org\/{rel}","templated":true}]}}