{"id":3738,"date":"2021-06-29T11:32:43","date_gmt":"2021-06-29T11:32:43","guid":{"rendered":"https:\/\/aceitesjerez.com\/producto\/virgen-extra-ecologico-1l-metal"},"modified":"2022-08-30T11:25:42","modified_gmt":"2022-08-30T09:25:42","slug":"virgen-extra-ecologico-750ml-metal","status":"publish","type":"product","link":"https:\/\/aceitesjerez.com\/fr\/producto\/virgen-extra-ecologico-750ml-metal","title":{"rendered":"Virgen Extra Ecol\u00f3gico 750ml Metal"},"content":{"rendered":"","protected":false},"excerpt":{"rendered":"<p>En Aceites Jerez ofrecemos un AOVE Org\u00e1nico en formato vidrio que presenta un distinguido balance en boca entre lo amargo y lo picante. Sin utilizar procesos qu\u00edmicos y siguiendo el proceso natural de cultivo, recolecci\u00f3n y elaboraci\u00f3n obtenemos un aceite de oliva ecol\u00f3gico de calidad.<\/p>\n<p>Caja con 12 unidades<\/p>\n","protected":false},"featured_media":3766,"comment_status":"open","ping_status":"closed","template":"","meta":{"_acf_changed":false,"_et_pb_use_builder":"","_et_pb_old_content":"","_et_gb_content_width":""},"product_cat":[91],"product_tag":[],"class_list":{"0":"post-3738","1":"product","2":"type-product","3":"status-publish","4":"has-post-thumbnail","6":"product_cat-huile-dolive-vierge-extra-biologique","8":"first","9":"instock","10":"taxable","11":"shipping-taxable","12":"purchasable","13":"product-type-simple"},"acf":[],"_links":{"self":[{"href":"https:\/\/aceitesjerez.com\/fr\/wp-json\/wp\/v2\/product\/3738","targetHints":{"allow":["GET"]}}],"collection":[{"href":"https:\/\/aceitesjerez.com\/fr\/wp-json\/wp\/v2\/product"}],"about":[{"href":"https:\/\/aceitesjerez.com\/fr\/wp-json\/wp\/v2\/types\/product"}],"replies":[{"embeddable":true,"href":"https:\/\/aceitesjerez.com\/fr\/wp-json\/wp\/v2\/comments?post=3738"}],"wp:featuredmedia":[{"embeddable":true,"href":"https:\/\/aceitesjerez.com\/fr\/wp-json\/wp\/v2\/media\/3766"}],"wp:attachment":[{"href":"https:\/\/aceitesjerez.com\/fr\/wp-json\/wp\/v2\/media?parent=3738"}],"wp:term":[{"taxonomy":"product_cat","embeddable":true,"href":"https:\/\/aceitesjerez.com\/fr\/wp-json\/wp\/v2\/product_cat?post=3738"},{"taxonomy":"product_tag","embeddable":true,"href":"https:\/\/aceitesjerez.com\/fr\/wp-json\/wp\/v2\/product_tag?post=3738"}],"curies":[{"name":"wp","href":"https:\/\/api.w.org\/{rel}","templated":true}]}}