{"id":891,"date":"2021-10-14T10:33:59","date_gmt":"2021-10-14T10:33:59","guid":{"rendered":"https:\/\/aceitesjerez.es\/comment-nous-fabriquons-notre-huile"},"modified":"2025-01-15T13:45:35","modified_gmt":"2025-01-15T12:45:35","slug":"comment-nous-fabriquons-notre-huile","status":"publish","type":"page","link":"https:\/\/aceitesjerez.com\/fr\/comment-nous-fabriquons-notre-huile","title":{"rendered":"COMMENT NOUS FABRIQUONS NOTRE HUILE"},"content":{"rendered":"<p>[et_pb_section fb_built=\u00a0\u00bb1&Prime; fullwidth=\u00a0\u00bbon\u00a0\u00bb _builder_version=\u00a0\u00bb4.16&Prime; _module_preset=\u00a0\u00bbdefault\u00a0\u00bb global_colors_info=\u00a0\u00bb{}\u00a0\u00bb][et_pb_fullwidth_header title=\u00a0\u00bb@ET-DC@eyJkeW5hbWljIjp0cnVlLCJjb250ZW50IjoicG9zdF90aXRsZSIsInNldHRpbmdzIjp7ImJlZm9yZSI6IiIsImFmdGVyIjoiIn19@\u00a0\u00bb _builder_version=\u00a0\u00bb4.16&Prime; _dynamic_attributes=\u00a0\u00bbtitle\u00a0\u00bb _module_preset=\u00a0\u00bbdefault\u00a0\u00bb title_font=\u00a0\u00bb|700|||||||\u00a0\u00bb title_text_align=\u00a0\u00bbcenter\u00a0\u00bb title_text_color=\u00a0\u00bb#FFFFFF\u00a0\u00bb title_font_size=\u00a0\u00bb40px\u00a0\u00bb use_background_color_gradient=\u00a0\u00bbon\u00a0\u00bb background_color_gradient_stops=\u00a0\u00bbrgba(5,1,1,0.41) 0%|rgba(0,0,0,0.49) 100%\u00a0\u00bb background_color_gradient_overlays_image=\u00a0\u00bbon\u00a0\u00bb background_color_gradient_start=\u00a0\u00bbrgba(5,1,1,0.41)\u00a0\u00bb background_color_gradient_end=\u00a0\u00bbrgba(0,0,0,0.49)\u00a0\u00bb background_image=\u00a0\u00bbhttps:\/\/aceitesjerez.com\/wp-content\/uploads\/2021\/05\/aceites_jerez16.jpg\u00a0\u00bb background_layout=\u00a0\u00bblight\u00a0\u00bb custom_margin=\u00a0\u00bb||||false|false\u00a0\u00bb custom_padding=\u00a0\u00bb199px||199px||true|false\u00a0\u00bb custom_padding_tablet=\u00a0\u00bb125px||125px||true|false\u00a0\u00bb custom_padding_phone=\u00a0\u00bb50px|0px|50px||true|false\u00a0\u00bb custom_padding_last_edited=\u00a0\u00bbon|phone\u00a0\u00bb global_colors_info=\u00a0\u00bb{}\u00a0\u00bb][\/et_pb_fullwidth_header][\/et_pb_section][et_pb_section fb_built=\u00a0\u00bb1&Prime; _builder_version=\u00a0\u00bb4.16&Prime; _module_preset=\u00a0\u00bbdefault\u00a0\u00bb global_colors_info=\u00a0\u00bb{}\u00a0\u00bb][et_pb_row _builder_version=\u00a0\u00bb4.16&Prime; _module_preset=\u00a0\u00bbdefault\u00a0\u00bb global_colors_info=\u00a0\u00bb{}\u00a0\u00bb][et_pb_column type=\u00a0\u00bb4_4&Prime; _builder_version=\u00a0\u00bb4.16&Prime; _module_preset=\u00a0\u00bbdefault\u00a0\u00bb global_colors_info=\u00a0\u00bb{}\u00a0\u00bb][et_pb_blurb title=\u00a0\u00bbCampagne et transport\u00a0\u00bb use_icon=\u00a0\u00bbon\u00a0\u00bb font_icon=\u00a0\u00bb&#xf0d1;||fa||900&Prime; _builder_version=\u00a0\u00bb4.16&Prime; _module_preset=\u00a0\u00bbdefault\u00a0\u00bb global_colors_info=\u00a0\u00bb{}\u00a0\u00bb]<\/p>\n<p>La campagne se d\u00e9roule entre les mois de novembre et janvier, lorsque les olives atteignent leur degr\u00e9 de maturit\u00e9 optimal pour l&rsquo;extraction de l&rsquo;huile. \u00c0 cette \u00e9poque, les olives sont soigneusement r\u00e9colt\u00e9es par nos agriculteurs et transport\u00e9es vers notre moulin \u00e0 huile \u00e0 Olias del Rey, Tol\u00e8de.<\/p>\n<p>[\/et_pb_blurb][et_pb_blurb title=\u00a0\u00bbTriage\u00a0\u00bb use_icon=\u00a0\u00bbon\u00a0\u00bb font_icon=\u00a0\u00bb&#xf0b0;||fa||900&Prime; _builder_version=\u00a0\u00bb4.16&Prime; _module_preset=\u00a0\u00bbdefault\u00a0\u00bb global_colors_info=\u00a0\u00bb{}\u00a0\u00bb]<\/p>\n<p>Les olives sont lav\u00e9es, pes\u00e9es et transport\u00e9es au moulin o\u00f9 le processus d&rsquo;extraction de l&rsquo;huile commence imm\u00e9diatement.<\/p>\n<p>[\/et_pb_blurb][et_pb_blurb title=\u00a0\u00bbProc\u00e9d\u00e9s de pressage, de barattage et de centrifugation\u00a0\u00bb use_icon=\u00a0\u00bbon\u00a0\u00bb font_icon=\u00a0\u00bb&#xf655;||fa||900&Prime; _builder_version=\u00a0\u00bb4.16&Prime; _module_preset=\u00a0\u00bbdefault\u00a0\u00bb global_colors_info=\u00a0\u00bb{}\u00a0\u00bb]<\/p>\n<p>Au cours du processus, les olives sont \u00e9cras\u00e9es jusqu&rsquo;\u00e0 l&rsquo;obtention d&rsquo;une pulpe, qui est ensuite transf\u00e9r\u00e9e dans les m\u00e9langeurs. Les mixeurs m\u00e9langent la pulpe avec un syst\u00e8me de palettes pour extraire la mol\u00e9cule d&rsquo;huile d&rsquo;olive. La pulpe est ensuite soumise \u00e0 une centrifugation pour s\u00e9parer l&rsquo;huile des restes de la pulpe, de la peau et de l&rsquo;eau des olives elles-m\u00eames, formant ainsi l&rsquo;alperujo.<\/p>\n<p>[\/et_pb_blurb][et_pb_blurb title=\u00a0\u00bbAnalyse\u00a0\u00bb use_icon=\u00a0\u00bbon\u00a0\u00bb font_icon=\u00a0\u00bb&#xf080;||fa||900&Prime; _builder_version=\u00a0\u00bb4.16&Prime; _module_preset=\u00a0\u00bbdefault\u00a0\u00bb global_colors_info=\u00a0\u00bb{}\u00a0\u00bb]<\/p>\n<p>\u00c0 ce stade, l&rsquo;huile doit passer un test chimique et une analyse sensorielle pour d\u00e9terminer sa qualit\u00e9.<\/p>\n<p>[\/et_pb_blurb][et_pb_blurb title=\u00a0\u00bb\u00c9tiquetage et emballage\u00a0\u00bb use_icon=\u00a0\u00bbon\u00a0\u00bb font_icon=\u00a0\u00bb&#xf72f;||fa||900&Prime; _builder_version=\u00a0\u00bb4.16&Prime; _module_preset=\u00a0\u00bbdefault\u00a0\u00bb global_colors_info=\u00a0\u00bb{}\u00a0\u00bb]<\/p>\n<p>Une fois que l&rsquo;huile a \u00e9t\u00e9 \u00e9tiquet\u00e9e et emball\u00e9e dans des bo\u00eetes, elle est pr\u00eate \u00e0 \u00eatre exp\u00e9di\u00e9e partout dans le monde.<\/p>\n<p>[\/et_pb_blurb][\/et_pb_column][\/et_pb_row][\/et_pb_section]<\/p>\n","protected":false},"excerpt":{"rendered":"<p>La campagne se d\u00e9roule entre les mois de novembre et janvier, lorsque les olives atteignent leur degr\u00e9 de maturit\u00e9 optimal pour l&rsquo;extraction de l&rsquo;huile. \u00c0 cette \u00e9poque, les olives sont soigneusement r\u00e9colt\u00e9es par nos agriculteurs et transport\u00e9es vers notre moulin \u00e0 huile \u00e0 Olias del Rey, Tol\u00e8de.Les olives sont lav\u00e9es, pes\u00e9es et transport\u00e9es au moulin [&hellip;]<\/p>\n","protected":false},"author":7,"featured_media":0,"parent":0,"menu_order":0,"comment_status":"closed","ping_status":"closed","template":"","meta":{"_acf_changed":false,"_et_pb_use_builder":"on","_et_pb_old_content":"","_et_gb_content_width":"","footnotes":""},"class_list":["post-891","page","type-page","status-publish","hentry"],"acf":[],"_links":{"self":[{"href":"https:\/\/aceitesjerez.com\/fr\/wp-json\/wp\/v2\/pages\/891","targetHints":{"allow":["GET"]}}],"collection":[{"href":"https:\/\/aceitesjerez.com\/fr\/wp-json\/wp\/v2\/pages"}],"about":[{"href":"https:\/\/aceitesjerez.com\/fr\/wp-json\/wp\/v2\/types\/page"}],"author":[{"embeddable":true,"href":"https:\/\/aceitesjerez.com\/fr\/wp-json\/wp\/v2\/users\/7"}],"replies":[{"embeddable":true,"href":"https:\/\/aceitesjerez.com\/fr\/wp-json\/wp\/v2\/comments?post=891"}],"version-history":[{"count":4,"href":"https:\/\/aceitesjerez.com\/fr\/wp-json\/wp\/v2\/pages\/891\/revisions"}],"predecessor-version":[{"id":4421,"href":"https:\/\/aceitesjerez.com\/fr\/wp-json\/wp\/v2\/pages\/891\/revisions\/4421"}],"wp:attachment":[{"href":"https:\/\/aceitesjerez.com\/fr\/wp-json\/wp\/v2\/media?parent=891"}],"curies":[{"name":"wp","href":"https:\/\/api.w.org\/{rel}","templated":true}]}}