{"id":4425,"date":"2025-01-15T14:01:35","date_gmt":"2025-01-15T13:01:35","guid":{"rendered":"https:\/\/aceitesjerez.com\/aove"},"modified":"2025-01-15T14:01:39","modified_gmt":"2025-01-15T13:01:39","slug":"aove","status":"publish","type":"page","link":"https:\/\/aceitesjerez.com\/fr\/aove","title":{"rendered":"AOVE"},"content":{"rendered":"<p>[et_pb_section fb_built=\u00a0\u00bb1&Prime; fullwidth=\u00a0\u00bbon\u00a0\u00bb disabled_on=\u00a0\u00bboff|off|off\u00a0\u00bb _builder_version=\u00a0\u00bb4.16&Prime; _module_preset=\u00a0\u00bbdefault\u00a0\u00bb background_enable_color=\u00a0\u00bboff\u00a0\u00bb background_enable_image=\u00a0\u00bboff\u00a0\u00bb global_colors_info=\u00a0\u00bb{}\u00a0\u00bb][et_pb_fullwidth_header title=\u00a0\u00bb@ET-DC@eyJkeW5hbWljIjp0cnVlLCJjb250ZW50IjoicG9zdF90aXRsZSIsInNldHRpbmdzIjp7ImJlZm9yZSI6IiIsImFmdGVyIjoiIiwiZW5hYmxlX2h0bWwiOiJvZmYifX0=@\u00a0\u00bb button_one_text=\u00a0\u00bbCatalogue EVOO\u00a0\u00bb button_one_url=\u00a0\u00bbhttps:\/\/aceitesjerez.com\/fr\/categoria-producto\/hove\u00a0\u00bb _builder_version=\u00a0\u00bb4.25.2&Prime; _dynamic_attributes=\u00a0\u00bbtitle\u00a0\u00bb _module_preset=\u00a0\u00bbdefault\u00a0\u00bb background_color=\u00a0\u00bbrgba(183,183,164,0.51)\u00a0\u00bb background_image=\u00a0\u00bbhttps:\/\/aceitesjerez.com\/wp-content\/uploads\/2021\/12\/2-11.png\u00a0\u00bb custom_button_one=\u00a0\u00bbon\u00a0\u00bb button_one_bg_use_color_gradient=\u00a0\u00bbon\u00a0\u00bb button_one_bg_color_gradient_direction=\u00a0\u00bb135deg\u00a0\u00bb button_one_bg_color_gradient_stops=\u00a0\u00bb#13083d 0%|#edc21a 100%\u00a0\u00bb button_one_bg_color_gradient_start=\u00a0\u00bb#13083d\u00a0\u00bb button_one_bg_color_gradient_end=\u00a0\u00bb#edc21a\u00a0\u00bb button_one_on_hover=\u00a0\u00bboff\u00a0\u00bb background_layout=\u00a0\u00bblight\u00a0\u00bb custom_margin=\u00a0\u00bb||||false|false\u00a0\u00bb custom_padding=\u00a0\u00bb81px|56.7%|81px||true|false\u00a0\u00bb custom_padding_tablet=\u00a0\u00bb125px||125px||true|false\u00a0\u00bb custom_padding_phone=\u00a0\u00bb50px|0px|50px||true|false\u00a0\u00bb custom_padding_last_edited=\u00a0\u00bbon|phone\u00a0\u00bb global_colors_info=\u00a0\u00bb{}\u00a0\u00bb button_one_bg_color__hover_enabled=\u00a0\u00bbon|desktop\u00a0\u00bb]<\/p>\n<p>Chez Aceites Jerez, nous nous engageons en faveur d&rsquo;un aspect traditionnel et sophistiqu\u00e9 en accord avec l&rsquo;intensit\u00e9 de la vari\u00e9t\u00e9 Cornicabra.<\/p>\n<p>[\/et_pb_fullwidth_header][\/et_pb_section][et_pb_section fb_built=\u00a0\u00bb1&Prime; _builder_version=\u00a0\u00bb4.16&Prime; _module_preset=\u00a0\u00bbdefault\u00a0\u00bb background_enable_image=\u00a0\u00bboff\u00a0\u00bb background_size=\u00a0\u00bbcontain\u00a0\u00bb background_position=\u00a0\u00bbtop_right\u00a0\u00bb global_colors_info=\u00a0\u00bb{}\u00a0\u00bb][et_pb_row column_structure=\u00a0\u00bb1_2,1_2&Prime; _builder_version=\u00a0\u00bb4.16&Prime; _module_preset=\u00a0\u00bbdefault\u00a0\u00bb width=\u00a0\u00bb90%\u00a0\u00bb global_colors_info=\u00a0\u00bb{}\u00a0\u00bb][et_pb_column type=\u00a0\u00bb1_2&Prime; _builder_version=\u00a0\u00bb4.16&Prime; _module_preset=\u00a0\u00bbdefault\u00a0\u00bb global_colors_info=\u00a0\u00bb{}\u00a0\u00bb][et_pb_image src=\u00a0\u00bbhttps:\/\/aceitesjerez.com\/wp-content\/uploads\/2021\/06\/Familia-AOVE-Flor.jpg\u00a0\u00bb title_text=\u00a0\u00bbFamille de fleurs EVOO\u00a0\u00bb align=\u00a0\u00bbcenter\u00a0\u00bb _builder_version=\u00a0\u00bb4.16&Prime; _module_preset=\u00a0\u00bbdefault\u00a0\u00bb width=\u00a0\u00bb78%\u00a0\u00bb hover_transition_speed_curve=\u00a0\u00bbease-in\u00a0\u00bb global_colors_info=\u00a0\u00bb{}\u00a0\u00bb][\/et_pb_image][\/et_pb_column][et_pb_column type=\u00a0\u00bb1_2&Prime; _builder_version=\u00a0\u00bb4.16&Prime; _module_preset=\u00a0\u00bbdefault\u00a0\u00bb global_colors_info=\u00a0\u00bb{}\u00a0\u00bb][et_pb_text _builder_version=\u00a0\u00bb4.16&Prime; _module_preset=\u00a0\u00bbdefault\u00a0\u00bb header_font=\u00a0\u00bbmistral||||||||\u00a0\u00bb header_2_font=\u00a0\u00bbmistral||||||||\u00a0\u00bb global_colors_info=\u00a0\u00bb{}\u00a0\u00bb]<\/p>\n<p>L&rsquo;essence \u00e9labor\u00e9e et cors\u00e9e qui caract\u00e9rise nos huiles est parfaitement d\u00e9finie \u00e0 travers les colonnes doriques de l&rsquo;Antiquit\u00e9 grecque. Structure et r\u00e9sistance sont les adjectifs qui d\u00e9finissent le mieux notre R\u00e9colte Familiale.<\/p>\n<p>[\/et_pb_text][et_pb_text _builder_version=\u00a0\u00bb4.16&Prime; _module_preset=\u00a0\u00bbdefault\u00a0\u00bb global_colors_info=\u00a0\u00bb{}\u00a0\u00bb]<\/p>\n<p>Famille Extra Vierge<\/p>\n<p>[\/et_pb_text][et_pb_shop type=\u00a0\u00bbproduct_category\u00a0\u00bb posts_number=\u00a0\u00bb3&Prime; include_categories=\u00a0\u00bb16&Prime; columns_number=\u00a0\u00bb3&Prime; _builder_version=\u00a0\u00bb4.16&Prime; _module_preset=\u00a0\u00bbdefault\u00a0\u00bb title_font=\u00a0\u00bbLato||||||||\u00a0\u00bb title_text_color=\u00a0\u00bb#000000&Prime; price_text_color=\u00a0\u00bb#6B705C\u00a0\u00bb price_font_size=\u00a0\u00bb14px\u00a0\u00bb global_colors_info=\u00a0\u00bb{}\u00a0\u00bb][\/et_pb_shop][\/et_pb_column][\/et_pb_row][\/et_pb_section][et_pb_section fb_built=\u00a0\u00bb1&Prime; _builder_version=\u00a0\u00bb4.11.3&Prime; _module_preset=\u00a0\u00bbdefault\u00a0\u00bb background_color=\u00a0\u00bbrgba(255,255,238,0.74)\u00a0\u00bb background_image=\u00a0\u00bbhttps:\/\/aceitesjerez.com\/wp-content\/uploads\/2021\/12\/AOVE-2000-x-1000-px-1000-x-1000-px.png\u00a0\u00bb background_size=\u00a0\u00bbcontain\u00a0\u00bb background_position=\u00a0\u00bbcenter_left\u00a0\u00bb background_blend=\u00a0\u00bblighten\u00a0\u00bb custom_padding=\u00a0\u00bb0px|||||\u00a0\u00bb global_module=\u00a0\u00bb1993&Prime; saved_tabs=\u00a0\u00bball\u00a0\u00bb global_colors_info=\u00a0\u00bb{}\u00a0\u00bb][et_pb_row _builder_version=\u00a0\u00bb4.16&Prime; _module_preset=\u00a0\u00bbdefault\u00a0\u00bb global_colors_info=\u00a0\u00bb{}\u00a0\u00bb][et_pb_column type=\u00a0\u00bb4_4&Prime; _builder_version=\u00a0\u00bb4.16&Prime; _module_preset=\u00a0\u00bbdefault\u00a0\u00bb global_colors_info=\u00a0\u00bb{}\u00a0\u00bb][et_pb_text _builder_version=\u00a0\u00bb4.16&Prime; _module_preset=\u00a0\u00bbdefault\u00a0\u00bb global_colors_info=\u00a0\u00bb{}\u00a0\u00bb]<\/p>\n<p>Nos familles de produits<\/p>\n<p>[\/et_pb_text][\/et_pb_column][\/et_pb_row][et_pb_row column_structure=\u00a0\u00bb1_4,1_4,1_4,1_4&Prime; _builder_version=\u00a0\u00bb4.16&Prime; _module_preset=\u00a0\u00bbdefault\u00a0\u00bb custom_padding=\u00a0\u00bb0px|||||\u00a0\u00bb global_colors_info=\u00a0\u00bb{}\u00a0\u00bb][et_pb_column type=\u00a0\u00bb1_4&Prime; _builder_version=\u00a0\u00bb4.16&Prime; _module_preset=\u00a0\u00bbdefault\u00a0\u00bb global_colors_info=\u00a0\u00bb{}\u00a0\u00bb][et_pb_blurb title=\u00a0\u00bb\u00c9cologique\u00a0\u00bb url=\u00a0\u00bbhttps:\/\/aceitesjerez.com\/fr\/categoria-producto\/huile-dolive-vierge-extra-biologique\u00a0\u00bb image=\u00a0\u00bbhttps:\/\/aceitesjerez.com\/wp-content\/uploads\/2021\/12\/Familia-eco.png\u00a0\u00bb alt=\u00a0\u00bbCristal EVOO La Flor de Mi Olivo\u00a0\u00bb _builder_version=\u00a0\u00bb4.16&Prime; _module_preset=\u00a0\u00bbdefault\u00a0\u00bb text_orientation=\u00a0\u00bbcenter\u00a0\u00bb link_option_url=\u00a0\u00bbhttps:\/\/aceitesjerez.com\/fr\/categoria-producto\/huile-dolive-vierge-extra-biologique\u00a0\u00bb global_colors_info=\u00a0\u00bb{}\u00a0\u00bb][\/et_pb_blurb][\/et_pb_column][et_pb_column type=\u00a0\u00bb1_4&Prime; _builder_version=\u00a0\u00bb4.16&Prime; _module_preset=\u00a0\u00bbdefault\u00a0\u00bb global_colors_info=\u00a0\u00bb{}\u00a0\u00bb][et_pb_blurb title=\u00a0\u00bbAOVE\u00a0\u00bb url=\u00a0\u00bbhttps:\/\/aceitesjerez.com\/fr\/categoria-producto\/hove\u00a0\u00bb image=\u00a0\u00bbhttps:\/\/aceitesjerez.com\/wp-content\/uploads\/2021\/12\/4-10.png\u00a0\u00bb alt=\u00a0\u00bbCristal EVOO La Flor de Mi Olivo\u00a0\u00bb _builder_version=\u00a0\u00bb4.16&Prime; _module_preset=\u00a0\u00bbdefault\u00a0\u00bb text_orientation=\u00a0\u00bbcenter\u00a0\u00bb link_option_url=\u00a0\u00bbhttps:\/\/aceitesjerez.com\/fr\/categoria-producto\/hove\u00a0\u00bb global_colors_info=\u00a0\u00bb{}\u00a0\u00bb][\/et_pb_blurb][\/et_pb_column][et_pb_column type=\u00a0\u00bb1_4&Prime; _builder_version=\u00a0\u00bb4.16&Prime; _module_preset=\u00a0\u00bbdefault\u00a0\u00bb global_colors_info=\u00a0\u00bb{}\u00a0\u00bb][et_pb_blurb title=\u00a0\u00bbGourmet\u00a0\u00bb url=\u00a0\u00bbhttps:\/\/aceitesjerez.com\/fr\/categoria-producto\/gourmet-fr\u00a0\u00bb image=\u00a0\u00bbhttps:\/\/aceitesjerez.com\/wp-content\/uploads\/2021\/12\/4-7.png\u00a0\u00bb alt=\u00a0\u00bbCristal EVOO La Flor de Mi Olivo\u00a0\u00bb _builder_version=\u00a0\u00bb4.16&Prime; _module_preset=\u00a0\u00bbdefault\u00a0\u00bb text_orientation=\u00a0\u00bbcenter\u00a0\u00bb link_option_url=\u00a0\u00bbhttps:\/\/aceitesjerez.com\/fr\/categoria-producto\/gourmet-fr\u00a0\u00bb global_colors_info=\u00a0\u00bb{}\u00a0\u00bb][\/et_pb_blurb][\/et_pb_column][et_pb_column type=\u00a0\u00bb1_4&Prime; _builder_version=\u00a0\u00bb4.16&Prime; _module_preset=\u00a0\u00bbdefault\u00a0\u00bb global_colors_info=\u00a0\u00bb{}\u00a0\u00bb][et_pb_blurb title=\u00a0\u00bbMonovari\u00e9tal\u00a0\u00bb url=\u00a0\u00bbhttps:\/\/aceitesjerez.com\/producto\/pack-aove-la-flor-de-mi-olivo\u00a0\u00bb image=\u00a0\u00bbhttps:\/\/aceitesjerez.com\/wp-content\/uploads\/2021\/12\/3-9.png\u00a0\u00bb alt=\u00a0\u00bbCristal EVOO La Flor de Mi Olivo\u00a0\u00bb _builder_version=\u00a0\u00bb4.16&Prime; _module_preset=\u00a0\u00bbdefault\u00a0\u00bb text_orientation=\u00a0\u00bbcenter\u00a0\u00bb link_option_url=\u00a0\u00bbhttps:\/\/aceitesjerez.com\/producto\/pack-aove-la-flor-de-mi-olivo\u00a0\u00bb global_colors_info=\u00a0\u00bb{}\u00a0\u00bb][\/et_pb_blurb][\/et_pb_column][\/et_pb_row][\/et_pb_section]<\/p>\n","protected":false},"excerpt":{"rendered":"<p>Chez Aceites Jerez, nous nous engageons en faveur d&rsquo;un aspect traditionnel et sophistiqu\u00e9 en accord avec l&rsquo;intensit\u00e9 de la vari\u00e9t\u00e9 Cornicabra.L&rsquo;essence \u00e9labor\u00e9e et cors\u00e9e qui caract\u00e9rise nos huiles est parfaitement d\u00e9finie \u00e0 travers les colonnes doriques de l&rsquo;Antiquit\u00e9 grecque. Structure et r\u00e9sistance sont les adjectifs qui d\u00e9finissent le mieux notre R\u00e9colte Familiale.Famille Extra ViergeNos familles [&hellip;]<\/p>\n","protected":false},"author":7,"featured_media":0,"parent":0,"menu_order":0,"comment_status":"closed","ping_status":"closed","template":"","meta":{"_acf_changed":false,"_et_pb_use_builder":"on","_et_pb_old_content":"","_et_gb_content_width":"","footnotes":""},"class_list":["post-4425","page","type-page","status-publish","hentry"],"acf":[],"_links":{"self":[{"href":"https:\/\/aceitesjerez.com\/fr\/wp-json\/wp\/v2\/pages\/4425","targetHints":{"allow":["GET"]}}],"collection":[{"href":"https:\/\/aceitesjerez.com\/fr\/wp-json\/wp\/v2\/pages"}],"about":[{"href":"https:\/\/aceitesjerez.com\/fr\/wp-json\/wp\/v2\/types\/page"}],"author":[{"embeddable":true,"href":"https:\/\/aceitesjerez.com\/fr\/wp-json\/wp\/v2\/users\/7"}],"replies":[{"embeddable":true,"href":"https:\/\/aceitesjerez.com\/fr\/wp-json\/wp\/v2\/comments?post=4425"}],"version-history":[{"count":3,"href":"https:\/\/aceitesjerez.com\/fr\/wp-json\/wp\/v2\/pages\/4425\/revisions"}],"predecessor-version":[{"id":4428,"href":"https:\/\/aceitesjerez.com\/fr\/wp-json\/wp\/v2\/pages\/4425\/revisions\/4428"}],"wp:attachment":[{"href":"https:\/\/aceitesjerez.com\/fr\/wp-json\/wp\/v2\/media?parent=4425"}],"curies":[{"name":"wp","href":"https:\/\/api.w.org\/{rel}","templated":true}]}}